{"id":17,"date":"2012-08-23T22:18:31","date_gmt":"2012-08-23T22:18:31","guid":{"rendered":"http:\/\/gosweb.cz\/web\/?page_id=17"},"modified":"2024-06-08T20:53:33","modified_gmt":"2024-06-08T20:53:33","slug":"kontakt","status":"publish","type":"page","link":"https:\/\/gosweb.cz\/web\/kontakt\/","title":{"rendered":"Kontakt"},"content":{"rendered":"<p style=\"text-align: center;\"><strong>GOSWEB.cz group<br \/>\n<\/strong><\/p>\n<p style=\"text-align: center;\">E-mail: <a href=\"mailto:gosweb@gosweb.cz\" target=\"_blank\" rel=\"noopener\">gosweb@gosweb.cz<\/a><\/p>\n<p style=\"text-align: center;\"><a href=\"https:\/\/www.facebook.com\/gosweb\" target=\"_blank\" rel=\"noopener\">Facebook str\u00e1nka<\/a><\/p>\n<p style=\"text-align: center;\"><a href=\"https:\/\/www.instagram.com\/gosweb\/\" target=\"_blank\" rel=\"noopener\">Instagram firemn\u00ed<\/a><\/p>\n<p style=\"text-align: center;\"><strong>Provozovatel webov\u00e9 aplikace: <\/strong><\/p>\n<p style=\"text-align: center;\"><strong>Oliver \u0160ti\u010dka<\/strong><\/p>\n<p style=\"text-align: center;\">E-mail: <a href=\"mailto:oliver@gosweb.cz\" target=\"_blank\" rel=\"noopener\">oliver@gosweb.cz<\/a><\/p>\n<p style=\"text-align: center;\"><a href=\"https:\/\/www.facebook.com\/oliver.kovar.sticka\" target=\"_blank\" rel=\"noopener\">Facebook osobn\u00ed profil<\/a><\/p>\n<p style=\"text-align: center;\">I\u010cO: 10763848<\/p>\n<p style=\"text-align: center;\"><strong>Dal\u0161\u00ed kontakty:<br \/>\n<\/strong><\/p>\n<p style=\"text-align: center;\">ICQ: <a href=\"http:\/\/www.icq.com\/people\/255819705\/\" target=\"_blank\" rel=\"noopener\">255-819-705<\/a><\/p>\n<p style=\"text-align: center;\">Skype: <a href=\"gosweb?call\" target=\"_blank\" rel=\"noopener\">gosweb<\/a><\/p>\n<p style=\"text-align: center;\">Twitter: <a href=\"https:\/\/twitter.com\/gosweb\" target=\"_blank\" rel=\"noopener\">gosweb<\/a><\/p>\n","protected":false},"excerpt":{"rendered":"<p>GOSWEB.cz group E-mail: gosweb@gosweb.cz Facebook str\u00e1nka Instagram firemn\u00ed Provozovatel webov\u00e9 aplikace: Oliver \u0160ti\u010dka E-mail: oliver@gosweb.cz Facebook osobn\u00ed profil I\u010cO: 10763848 Dal\u0161\u00ed kontakty: ICQ: 255-819-705 Skype: gosweb Twitter: gosweb<\/p>\n","protected":false},"author":1,"featured_media":0,"parent":0,"menu_order":30,"comment_status":"closed","ping_status":"closed","template":"","meta":{"footnotes":""},"class_list":["post-17","page","type-page","status-publish","hentry"],"_links":{"self":[{"href":"https:\/\/gosweb.cz\/web\/wp-json\/wp\/v2\/pages\/17","targetHints":{"allow":["GET"]}}],"collection":[{"href":"https:\/\/gosweb.cz\/web\/wp-json\/wp\/v2\/pages"}],"about":[{"href":"https:\/\/gosweb.cz\/web\/wp-json\/wp\/v2\/types\/page"}],"author":[{"embeddable":true,"href":"https:\/\/gosweb.cz\/web\/wp-json\/wp\/v2\/users\/1"}],"replies":[{"embeddable":true,"href":"https:\/\/gosweb.cz\/web\/wp-json\/wp\/v2\/comments?post=17"}],"version-history":[{"count":27,"href":"https:\/\/gosweb.cz\/web\/wp-json\/wp\/v2\/pages\/17\/revisions"}],"predecessor-version":[{"id":266,"href":"https:\/\/gosweb.cz\/web\/wp-json\/wp\/v2\/pages\/17\/revisions\/266"}],"wp:attachment":[{"href":"https:\/\/gosweb.cz\/web\/wp-json\/wp\/v2\/media?parent=17"}],"curies":[{"name":"wp","href":"https:\/\/api.w.org\/{rel}","templated":true}]}}